{"id":2772,"date":"2018-01-14T00:50:03","date_gmt":"2018-01-13T23:50:03","guid":{"rendered":"http:\/\/a-rr.ch\/bureau\/"},"modified":"2021-07-22T08:59:45","modified_gmt":"2021-07-22T07:59:45","slug":"studio","status":"publish","type":"page","link":"https:\/\/a-rr.ch\/en\/studio\/","title":{"rendered":"studio"},"content":{"rendered":"<p>We are a-rr., a team of professionals passionate about strong, sustainable concepts and their implementation. We care about the design and realisation of each project developed in our urban planning, architecture and interior design departments.<\/p>\n<p>a-rr. was created in Lausanne 20 years ago. The Board of Directors, set up in 2011, has since developed a solid history of sharing the individual and complementary personal expertise of its members <a href=\"https:\/\/a-rr.ch\/en\/equipe\/eva-siebmanns\/\">Eva Siebmanns<\/a>, <a href=\"https:\/\/a-rr.ch\/en\/equipe\/noemie-goldman\/\">No\u00e9mie Goldman<\/a>, <a href=\"https:\/\/a-rr.ch\/en\/equipe\/herve-betton\/\">Herv\u00e9 Betton<\/a>, <a href=\"https:\/\/a-rr.ch\/en\/equipe\/jean-patrick-chatelain\/\">Jean-Patrick Chatelain<\/a> and <a href=\"https:\/\/a-rr.ch\/en\/equipe\/sebastien-rey\/\">S\u00e9bastien Rey<\/a>, who became the practice\u2019s owners in January 2018.<\/p>\n<p>a-rr. means architecture and retail rites and was founded by Jacques Python. The initial focus on retail architecture has seen a steady evolution towards urbanistic considerations, innovative constructive solutions and a wide scope of building types. Today, our projects tackle all scales, phases and topics around the built environment.<\/p>\n<p>a-rr. includes a synergy of skills that helps to identify the multiple expectations of clients and respond to subtle societal changes.<\/p>\n<p>a-rr. advocates for respectful and responsible architecture. Our teams of urban planners, architects and designers work in a spirit of openness and respect. By accurately capturing the needs of our clients, our proposals are pertinent and sustainable. Our projects add meaning \u2014 for humans, for society, its evolutions, dynamisms and balances and for the contexts and landscapes, urban or not, in which they are inscribed.<\/p>\n<p>We are a-rr. in Lausanne, Place Saint-Fran\u00e7ois.<\/p>\n","protected":false},"excerpt":{"rendered":"<p>We are a-rr., a team of professionals passionate about strong, sustainable concepts and their implementation. We care about the design and realisation of each project developed in our urban planning, architecture and interior design departments. a-rr. was created in Lausanne 20 years ago. The Board of Directors, set up in 2011, has since developed a [&hellip;]<\/p>\n","protected":false},"author":3,"featured_media":2626,"parent":0,"menu_order":6,"comment_status":"closed","ping_status":"closed","template":"","meta":{"_acf_changed":false,"footnotes":""},"class_list":["post-2772","page","type-page","status-publish","has-post-thumbnail","hentry"],"acf":[],"yoast_head":"<!-- This site is optimized with the Yoast SEO plugin v27.0 - https:\/\/yoast.com\/product\/yoast-seo-wordpress\/ -->\n<title>studio - a-rr.<\/title>\n<meta name=\"description\" content=\"We are a-rr., a team of professionals passionate about strong, sustainable concepts and their implementation. We care about the design and realisation of each project developed in our urban planning, architecture and interior design departments. a-rr. was created in Lausanne 19 years ago. The Board of Directors, set up in 2011, has since developed a solid history of sharing the individual and complementary personal expertise of its members Eva Siebmanns, No\u00e9mie Goldman, Herv\u00e9 Betton, Jean-Patrick Chatelain and S\u00e9bastien Rey, who became the practice\u2019s owners in January 2018.\" \/>\n<meta name=\"robots\" content=\"index, follow, max-snippet:-1, max-image-preview:large, max-video-preview:-1\" \/>\n<link rel=\"canonical\" href=\"https:\/\/a-rr.ch\/en\/studio\/\" \/>\n<meta property=\"og:locale\" content=\"en_US\" \/>\n<meta property=\"og:type\" content=\"article\" \/>\n<meta property=\"og:title\" content=\"studio - a-rr.\" \/>\n<meta property=\"og:description\" content=\"We are a-rr., a team of professionals passionate about strong, sustainable concepts and their implementation. We care about the design and realisation of each project developed in our urban planning, architecture and interior design departments. a-rr. was created in Lausanne 19 years ago. The Board of Directors, set up in 2011, has since developed a solid history of sharing the individual and complementary personal expertise of its members Eva Siebmanns, No\u00e9mie Goldman, Herv\u00e9 Betton, Jean-Patrick Chatelain and S\u00e9bastien Rey, who became the practice\u2019s owners in January 2018.\" \/>\n<meta property=\"og:url\" content=\"https:\/\/a-rr.ch\/en\/studio\/\" \/>\n<meta property=\"og:site_name\" content=\"a-rr\" \/>\n<meta property=\"article:modified_time\" content=\"2021-07-22T07:59:45+00:00\" \/>\n<meta property=\"og:image\" content=\"https:\/\/a-rr.ch\/wp-content\/uploads\/2018\/06\/arr-architcture-bureau.jpg\" \/>\n\t<meta property=\"og:image:width\" content=\"2500\" \/>\n\t<meta property=\"og:image:height\" content=\"1668\" \/>\n\t<meta property=\"og:image:type\" content=\"image\/jpeg\" \/>\n<meta name=\"twitter:card\" content=\"summary_large_image\" \/>\n<meta name=\"twitter:label1\" content=\"Est. reading time\" \/>\n\t<meta name=\"twitter:data1\" content=\"1 minute\" \/>\n<script type=\"application\/ld+json\" class=\"yoast-schema-graph\">{\"@context\":\"https:\/\/schema.org\",\"@graph\":[{\"@type\":\"WebPage\",\"@id\":\"https:\/\/a-rr.ch\/en\/studio\/\",\"url\":\"https:\/\/a-rr.ch\/en\/studio\/\",\"name\":\"studio - a-rr.\",\"isPartOf\":{\"@id\":\"https:\/\/a-rr.ch\/#website\"},\"primaryImageOfPage\":{\"@id\":\"https:\/\/a-rr.ch\/en\/studio\/#primaryimage\"},\"image\":{\"@id\":\"https:\/\/a-rr.ch\/en\/studio\/#primaryimage\"},\"thumbnailUrl\":\"https:\/\/a-rr.ch\/wp-content\/uploads\/2018\/06\/arr-architcture-bureau.jpg\",\"datePublished\":\"2018-01-13T23:50:03+00:00\",\"dateModified\":\"2021-07-22T07:59:45+00:00\",\"description\":\"We are a-rr., a team of professionals passionate about strong, sustainable concepts and their implementation. We care about the design and realisation of each project developed in our urban planning, architecture and interior design departments. a-rr. was created in Lausanne 19 years ago. The Board of Directors, set up in 2011, has since developed a solid history of sharing the individual and complementary personal expertise of its members Eva Siebmanns, No\u00e9mie Goldman, Herv\u00e9 Betton, Jean-Patrick Chatelain and S\u00e9bastien Rey, who became the practice\u2019s owners in January 2018.\",\"breadcrumb\":{\"@id\":\"https:\/\/a-rr.ch\/en\/studio\/#breadcrumb\"},\"inLanguage\":\"en-US\",\"potentialAction\":[{\"@type\":\"ReadAction\",\"target\":[\"https:\/\/a-rr.ch\/en\/studio\/\"]}]},{\"@type\":\"ImageObject\",\"inLanguage\":\"en-US\",\"@id\":\"https:\/\/a-rr.ch\/en\/studio\/#primaryimage\",\"url\":\"https:\/\/a-rr.ch\/wp-content\/uploads\/2018\/06\/arr-architcture-bureau.jpg\",\"contentUrl\":\"https:\/\/a-rr.ch\/wp-content\/uploads\/2018\/06\/arr-architcture-bureau.jpg\",\"width\":2500,\"height\":1668,\"caption\":\"a-rr. architcture bureau\"},{\"@type\":\"BreadcrumbList\",\"@id\":\"https:\/\/a-rr.ch\/en\/studio\/#breadcrumb\",\"itemListElement\":[{\"@type\":\"ListItem\",\"position\":1,\"name\":\"Home\",\"item\":\"https:\/\/a-rr.ch\/en\/\"},{\"@type\":\"ListItem\",\"position\":2,\"name\":\"studio\"}]},{\"@type\":\"WebSite\",\"@id\":\"https:\/\/a-rr.ch\/#website\",\"url\":\"https:\/\/a-rr.ch\/\",\"name\":\"a-rr\",\"description\":\"a-rr. sa\",\"publisher\":{\"@id\":\"https:\/\/a-rr.ch\/#organization\"},\"potentialAction\":[{\"@type\":\"SearchAction\",\"target\":{\"@type\":\"EntryPoint\",\"urlTemplate\":\"https:\/\/a-rr.ch\/?s={search_term_string}\"},\"query-input\":{\"@type\":\"PropertyValueSpecification\",\"valueRequired\":true,\"valueName\":\"search_term_string\"}}],\"inLanguage\":\"en-US\"},{\"@type\":\"Organization\",\"@id\":\"https:\/\/a-rr.ch\/#organization\",\"name\":\"a-rr. sa\",\"url\":\"https:\/\/a-rr.ch\/\",\"logo\":{\"@type\":\"ImageObject\",\"inLanguage\":\"en-US\",\"@id\":\"https:\/\/a-rr.ch\/#\/schema\/logo\/image\/\",\"url\":\"http:\/\/a-rr.ch\/wp-content\/uploads\/2018\/06\/arr-retail-rites-logo.png\",\"contentUrl\":\"http:\/\/a-rr.ch\/wp-content\/uploads\/2018\/06\/arr-retail-rites-logo.png\",\"width\":1200,\"height\":1200,\"caption\":\"a-rr. sa\"},\"image\":{\"@id\":\"https:\/\/a-rr.ch\/#\/schema\/logo\/image\/\"},\"sameAs\":[\"https:\/\/www.instagram.com\/architecture_arr\/?hl=fr\"]}]}<\/script>\n<!-- \/ Yoast SEO plugin. -->","yoast_head_json":{"title":"studio - a-rr.","description":"We are a-rr., a team of professionals passionate about strong, sustainable concepts and their implementation. We care about the design and realisation of each project developed in our urban planning, architecture and interior design departments. a-rr. was created in Lausanne 19 years ago. The Board of Directors, set up in 2011, has since developed a solid history of sharing the individual and complementary personal expertise of its members Eva Siebmanns, No\u00e9mie Goldman, Herv\u00e9 Betton, Jean-Patrick Chatelain and S\u00e9bastien Rey, who became the practice\u2019s owners in January 2018.","robots":{"index":"index","follow":"follow","max-snippet":"max-snippet:-1","max-image-preview":"max-image-preview:large","max-video-preview":"max-video-preview:-1"},"canonical":"https:\/\/a-rr.ch\/en\/studio\/","og_locale":"en_US","og_type":"article","og_title":"studio - a-rr.","og_description":"We are a-rr., a team of professionals passionate about strong, sustainable concepts and their implementation. We care about the design and realisation of each project developed in our urban planning, architecture and interior design departments. a-rr. was created in Lausanne 19 years ago. The Board of Directors, set up in 2011, has since developed a solid history of sharing the individual and complementary personal expertise of its members Eva Siebmanns, No\u00e9mie Goldman, Herv\u00e9 Betton, Jean-Patrick Chatelain and S\u00e9bastien Rey, who became the practice\u2019s owners in January 2018.","og_url":"https:\/\/a-rr.ch\/en\/studio\/","og_site_name":"a-rr","article_modified_time":"2021-07-22T07:59:45+00:00","og_image":[{"width":2500,"height":1668,"url":"https:\/\/a-rr.ch\/wp-content\/uploads\/2018\/06\/arr-architcture-bureau.jpg","type":"image\/jpeg"}],"twitter_card":"summary_large_image","twitter_misc":{"Est. reading time":"1 minute"},"schema":{"@context":"https:\/\/schema.org","@graph":[{"@type":"WebPage","@id":"https:\/\/a-rr.ch\/en\/studio\/","url":"https:\/\/a-rr.ch\/en\/studio\/","name":"studio - a-rr.","isPartOf":{"@id":"https:\/\/a-rr.ch\/#website"},"primaryImageOfPage":{"@id":"https:\/\/a-rr.ch\/en\/studio\/#primaryimage"},"image":{"@id":"https:\/\/a-rr.ch\/en\/studio\/#primaryimage"},"thumbnailUrl":"https:\/\/a-rr.ch\/wp-content\/uploads\/2018\/06\/arr-architcture-bureau.jpg","datePublished":"2018-01-13T23:50:03+00:00","dateModified":"2021-07-22T07:59:45+00:00","description":"We are a-rr., a team of professionals passionate about strong, sustainable concepts and their implementation. We care about the design and realisation of each project developed in our urban planning, architecture and interior design departments. a-rr. was created in Lausanne 19 years ago. The Board of Directors, set up in 2011, has since developed a solid history of sharing the individual and complementary personal expertise of its members Eva Siebmanns, No\u00e9mie Goldman, Herv\u00e9 Betton, Jean-Patrick Chatelain and S\u00e9bastien Rey, who became the practice\u2019s owners in January 2018.","breadcrumb":{"@id":"https:\/\/a-rr.ch\/en\/studio\/#breadcrumb"},"inLanguage":"en-US","potentialAction":[{"@type":"ReadAction","target":["https:\/\/a-rr.ch\/en\/studio\/"]}]},{"@type":"ImageObject","inLanguage":"en-US","@id":"https:\/\/a-rr.ch\/en\/studio\/#primaryimage","url":"https:\/\/a-rr.ch\/wp-content\/uploads\/2018\/06\/arr-architcture-bureau.jpg","contentUrl":"https:\/\/a-rr.ch\/wp-content\/uploads\/2018\/06\/arr-architcture-bureau.jpg","width":2500,"height":1668,"caption":"a-rr. architcture bureau"},{"@type":"BreadcrumbList","@id":"https:\/\/a-rr.ch\/en\/studio\/#breadcrumb","itemListElement":[{"@type":"ListItem","position":1,"name":"Home","item":"https:\/\/a-rr.ch\/en\/"},{"@type":"ListItem","position":2,"name":"studio"}]},{"@type":"WebSite","@id":"https:\/\/a-rr.ch\/#website","url":"https:\/\/a-rr.ch\/","name":"a-rr","description":"a-rr. sa","publisher":{"@id":"https:\/\/a-rr.ch\/#organization"},"potentialAction":[{"@type":"SearchAction","target":{"@type":"EntryPoint","urlTemplate":"https:\/\/a-rr.ch\/?s={search_term_string}"},"query-input":{"@type":"PropertyValueSpecification","valueRequired":true,"valueName":"search_term_string"}}],"inLanguage":"en-US"},{"@type":"Organization","@id":"https:\/\/a-rr.ch\/#organization","name":"a-rr. sa","url":"https:\/\/a-rr.ch\/","logo":{"@type":"ImageObject","inLanguage":"en-US","@id":"https:\/\/a-rr.ch\/#\/schema\/logo\/image\/","url":"http:\/\/a-rr.ch\/wp-content\/uploads\/2018\/06\/arr-retail-rites-logo.png","contentUrl":"http:\/\/a-rr.ch\/wp-content\/uploads\/2018\/06\/arr-retail-rites-logo.png","width":1200,"height":1200,"caption":"a-rr. sa"},"image":{"@id":"https:\/\/a-rr.ch\/#\/schema\/logo\/image\/"},"sameAs":["https:\/\/www.instagram.com\/architecture_arr\/?hl=fr"]}]}},"_links":{"self":[{"href":"https:\/\/a-rr.ch\/en\/wp-json\/wp\/v2\/pages\/2772","targetHints":{"allow":["GET"]}}],"collection":[{"href":"https:\/\/a-rr.ch\/en\/wp-json\/wp\/v2\/pages"}],"about":[{"href":"https:\/\/a-rr.ch\/en\/wp-json\/wp\/v2\/types\/page"}],"author":[{"embeddable":true,"href":"https:\/\/a-rr.ch\/en\/wp-json\/wp\/v2\/users\/3"}],"replies":[{"embeddable":true,"href":"https:\/\/a-rr.ch\/en\/wp-json\/wp\/v2\/comments?post=2772"}],"version-history":[{"count":5,"href":"https:\/\/a-rr.ch\/en\/wp-json\/wp\/v2\/pages\/2772\/revisions"}],"predecessor-version":[{"id":4803,"href":"https:\/\/a-rr.ch\/en\/wp-json\/wp\/v2\/pages\/2772\/revisions\/4803"}],"wp:featuredmedia":[{"embeddable":true,"href":"https:\/\/a-rr.ch\/en\/wp-json\/wp\/v2\/media\/2626"}],"wp:attachment":[{"href":"https:\/\/a-rr.ch\/en\/wp-json\/wp\/v2\/media?parent=2772"}],"curies":[{"name":"wp","href":"https:\/\/api.w.org\/{rel}","templated":true}]}}